{"id":86,"date":"2015-02-20T23:06:08","date_gmt":"2015-02-20T22:06:08","guid":{"rendered":"http:\/\/frisbeesport-bw.de\/?page_id=86"},"modified":"2015-08-01T23:06:02","modified_gmt":"2015-08-01T21:06:02","slug":"freestyle","status":"publish","type":"page","link":"https:\/\/frisbeesport-bw.de\/?page_id=86","title":{"rendered":"Freestyle"},"content":{"rendered":"<header class=\"entry-header\">\n<h1 class=\"entry-title\">Was ist Freestyle Frisbee?<\/h1>\n<\/header>\n<div class=\"entry-content\">\n<p>Das Ausf\u00fchren von kreativen, artistischen und athletischen Bewegungen mit einer Frisbeescheibe ist die Essenz von Freestyle. Als eine der dramatischsten Diziplinen im Discsport verbindet der Freestyle-Wettkampf Elemente aus Gymnastik und Tanz mit dem simplen Spiel des Werfens und Fangens. Teams von zwei bis drei Spielern f\u00fchren eine choreographierte Routine bestehend aus W\u00fcrfen, F\u00e4ngen und Bewegungen mit einer oder mehreren Frisbees vor.<\/p>\n<p><img loading=\"lazy\" class=\"alignleft\" src=\"http:\/\/www.frisbeesportverband.de\/images\/dfv\/dfv_sportarten\/freestyle\/freestyle-00-1.jpg\" alt=\"\" width=\"160\" height=\"113\" \/>Aus anfangs einfachen Tricks wie z.B. einem Behind-the-Back Catch, hat sich Freestyle zu einer publikumswirksamen Darbietung mit Tricks wie Air Brushs, Nail Delays und Triple-Spinning Catches entwickelt. Die Routinen haben eine Dauer von 3-5 Minuten und werden von einer Jury in den Bereichen Schwierigkeit (max. 10 Punkte), k\u00fcnstlerischer Ausdruck (max. 10 Punkte) und Ausf\u00fchrung (max. 10 Punkte) bewertet. Das Team mit der h\u00f6chsten Punktzahl gewinnt. 30 w\u00e4re die perfekte Punktzahl.<\/p>\n<p><img loading=\"lazy\" class=\"alignleft\" src=\"http:\/\/www.frisbeesportverband.de\/images\/dfv\/dfv_sportarten\/freestyle\/freestyle-90-2.jpg\" alt=\"\" width=\"160\" height=\"113\" \/><img loading=\"lazy\" class=\"alignright\" src=\"http:\/\/www.frisbeesportverband.de\/images\/dfv\/dfv_sportarten\/freestyle\/freestyle-90-12.jpg\" alt=\"\" width=\"160\" height=\"227\" \/>Freestyle ist aber auch, was zwischen Anf\u00e4ngern im Stadtpark geschieht. Die Frisbee unter einem Bein zu fangen oder einen hohen Wurf nach oben zu tippen und ihn dann zu fangen. Oft sieht man Wettkampfspieler, die nur zum Spa\u00df spielen. Gemeinsames Improvisieren, oft in einer gro\u00dfen Gruppe \u2013 und keine Jury. Das wird Jamming genannt, und f\u00fcr die meisten Spieler ist es der wichtigste Teil des Sports.<\/p>\n<p>Tricks in Kooperation mit anderen Spielern zu machen (\u201cCo-oping\u201d), ist was Jamming ausmacht, egal ob geplant w\u00e4hrend einer Routine oder spontan zwischen Spielern im Park. Zum Beispiel kann ein Spieler die Frisbee zu einem zweiten Spieler kicken, der macht eine Body-Roll zu einem dritten Spieler und dieser beendet die Sequenz mit einem gesprungenen Flamingitis Catch.<\/p>\n<p>Dieser Text stammt im Original von der Seite <a href=\"http:\/\/www.freestyledisc.org\/nutshell.html\" target=\"_blank\">http:\/\/www.freestyledisc.org\/nutshell.html<\/a>. Die Bilder auf dieser Seite wurden freundlicherweise von Freestyledisc.org\u00a0zur Verf\u00fcgung gestellt.<\/p>\n<\/div>\n","protected":false},"excerpt":{"rendered":"<p>Was ist Freestyle Frisbee? Das Ausf\u00fchren von kreativen, artistischen und athletischen Bewegungen mit einer Frisbeescheibe ist die Essenz von Freestyle. Als eine der dramatischsten Diziplinen im Discsport verbindet der Freestyle-Wettkampf Elemente aus Gymnastik und Tanz mit dem simplen Spiel des Werfens und Fangens. Teams von zwei bis drei Spielern f\u00fchren eine choreographierte Routine bestehend aus &hellip; <\/p>\n<p><a class=\"more-link btn\" href=\"https:\/\/frisbeesport-bw.de\/?page_id=86\">Weiterlesen<\/a><\/p>\n","protected":false},"author":1,"featured_media":0,"parent":0,"menu_order":0,"comment_status":"open","ping_status":"open","template":"","meta":[],"_links":{"self":[{"href":"https:\/\/frisbeesport-bw.de\/index.php?rest_route=\/wp\/v2\/pages\/86"}],"collection":[{"href":"https:\/\/frisbeesport-bw.de\/index.php?rest_route=\/wp\/v2\/pages"}],"about":[{"href":"https:\/\/frisbeesport-bw.de\/index.php?rest_route=\/wp\/v2\/types\/page"}],"author":[{"embeddable":true,"href":"https:\/\/frisbeesport-bw.de\/index.php?rest_route=\/wp\/v2\/users\/1"}],"replies":[{"embeddable":true,"href":"https:\/\/frisbeesport-bw.de\/index.php?rest_route=%2Fwp%2Fv2%2Fcomments&post=86"}],"version-history":[{"count":2,"href":"https:\/\/frisbeesport-bw.de\/index.php?rest_route=\/wp\/v2\/pages\/86\/revisions"}],"predecessor-version":[{"id":127,"href":"https:\/\/frisbeesport-bw.de\/index.php?rest_route=\/wp\/v2\/pages\/86\/revisions\/127"}],"wp:attachment":[{"href":"https:\/\/frisbeesport-bw.de\/index.php?rest_route=%2Fwp%2Fv2%2Fmedia&parent=86"}],"curies":[{"name":"wp","href":"https:\/\/api.w.org\/{rel}","templated":true}]}}