{"id":55,"date":"2015-02-20T20:11:24","date_gmt":"2015-02-20T19:11:24","guid":{"rendered":"http:\/\/frisbeesport-bw.de\/?page_id=55"},"modified":"2022-10-17T16:03:06","modified_gmt":"2022-10-17T14:03:06","slug":"vereine","status":"publish","type":"page","link":"https:\/\/frisbeesport-bw.de\/?page_id=55","title":{"rendered":"Vereine"},"content":{"rendered":"<p>Diese Seite enth\u00e4lt eine \u00dcbersicht aller Vereine aus Baden-W\u00fcrttemberg, die beim deutschen Frisbeesport-Verband und damit auch beim Landesverband Mitglied sind.<\/p>\n<p>Vereine oder Vereinsabteilungen, welche eine Mitgliedschaft anstreben, k\u00f6nnen sich gerne an den <a href=\"mailto:geschaeftsfuehrer@frisbeesport-bw.de\">Gesch\u00e4ftsf\u00fchrer<\/a> wenden oder direkt einen <a href=\"http:\/\/frisbeesport-bw.de\/wp-content\/uploads\/2017\/03\/Aufnahmeantrag-FBW.pdf\" target=\"_blank\" rel=\"noopener\">Aufnahmeantrag<\/a> stellen.<\/p>\n<p>\u00a0<\/p>\n<p><a href=\"https:\/\/dfv-mv.de\/verband\/baden-wurttemberg\/vereine\/1\/\" target=\"_blank\" rel=\"noopener\">HIER finden Sie alle Frisbeesport Vereine in BW<\/a><\/p>\n\n\n<p><a href=\"https:\/\/www.google.com\/maps\/d\/u\/0\/edit?hl=en&amp;mid=1hPv0H-y2wzbQ4pHVgxZaHwzIEgtOVoA&amp;ll=48.68229110207318%2C9.019156585156253&amp;z=8\" data-type=\"URL\" data-id=\"https:\/\/www.google.com\/maps\/d\/u\/0\/edit?hl=en&amp;mid=1hPv0H-y2wzbQ4pHVgxZaHwzIEgtOVoA&amp;ll=48.68229110207318%2C9.019156585156253&amp;z=8\">Hier eine Karte mit alle Frisbeesport Vereine in BW.<\/a><\/p>\n\n\n\n<p><\/p>\n","protected":false},"excerpt":{"rendered":"<p>Diese Seite enth\u00e4lt eine \u00dcbersicht aller Vereine aus Baden-W\u00fcrttemberg, die beim deutschen Frisbeesport-Verband und damit auch beim Landesverband Mitglied sind. Vereine oder Vereinsabteilungen, welche eine Mitgliedschaft anstreben, k\u00f6nnen sich gerne an den Gesch\u00e4ftsf\u00fchrer wenden oder direkt einen Aufnahmeantrag stellen. \u00a0 HIER finden Sie alle Frisbeesport Vereine in BW Hier eine Karte mit alle Frisbeesport Vereine &hellip; <\/p>\n<p><a class=\"more-link btn\" href=\"https:\/\/frisbeesport-bw.de\/?page_id=55\">Weiterlesen<\/a><\/p>\n","protected":false},"author":1,"featured_media":0,"parent":0,"menu_order":0,"comment_status":"open","ping_status":"open","template":"","meta":[],"_links":{"self":[{"href":"https:\/\/frisbeesport-bw.de\/index.php?rest_route=\/wp\/v2\/pages\/55"}],"collection":[{"href":"https:\/\/frisbeesport-bw.de\/index.php?rest_route=\/wp\/v2\/pages"}],"about":[{"href":"https:\/\/frisbeesport-bw.de\/index.php?rest_route=\/wp\/v2\/types\/page"}],"author":[{"embeddable":true,"href":"https:\/\/frisbeesport-bw.de\/index.php?rest_route=\/wp\/v2\/users\/1"}],"replies":[{"embeddable":true,"href":"https:\/\/frisbeesport-bw.de\/index.php?rest_route=%2Fwp%2Fv2%2Fcomments&post=55"}],"version-history":[{"count":30,"href":"https:\/\/frisbeesport-bw.de\/index.php?rest_route=\/wp\/v2\/pages\/55\/revisions"}],"predecessor-version":[{"id":520,"href":"https:\/\/frisbeesport-bw.de\/index.php?rest_route=\/wp\/v2\/pages\/55\/revisions\/520"}],"wp:attachment":[{"href":"https:\/\/frisbeesport-bw.de\/index.php?rest_route=%2Fwp%2Fv2%2Fmedia&parent=55"}],"curies":[{"name":"wp","href":"https:\/\/api.w.org\/{rel}","templated":true}]}}