{"id":45,"date":"2015-02-20T20:07:46","date_gmt":"2015-02-20T19:07:46","guid":{"rendered":"http:\/\/frisbeesport-bw.de\/?page_id=45"},"modified":"2023-05-25T10:55:19","modified_gmt":"2023-05-25T08:55:19","slug":"discgolf","status":"publish","type":"page","link":"https:\/\/frisbeesport-bw.de\/?page_id=45","title":{"rendered":"Discgolf"},"content":{"rendered":"<p><strong>Ansprechpartner Discgolf:<\/strong><\/p>\n<table id=\"tablepress-1\" class=\"tablepress tablepress-id-1 dataTable no-footer\" role=\"grid\" aria-describedby=\"tablepress-1_info\">\n<tbody class=\"row-hover\">\n<tr class=\"row-7 odd\">\n<td class=\"column-2\">Matthias Lambur<\/td>\n<td class=\"column-3\"><a href=\"mailto:discgolf@frisbeesport-bw.de\" target=\"_blank\" rel=\"noopener\">discgolf@frisbeesport-bw.de<\/a><\/td>\n<\/tr>\n<\/tbody>\n<\/table>\n<h5><span style=\"color: #000000;\">Discgolf ist eine junge Sportart, die in den 1970-er Jahren in den USA entwickelt wurde. 1979\/80 bildeten sich in Deutschland erste Discgolf-Gruppen.<\/span><\/h5>\n<h5><span style=\"color: #000000;\"><a style=\"color: #000000;\" href=\"http:\/\/new.frisbeesportverband.de\/wp-content\/uploads\/2011\/01\/Korb_mit_Scheibe.jpg\"><img loading=\"lazy\" class=\"alignleft size-medium wp-image-49\" src=\"http:\/\/new.frisbeesportverband.de\/wp-content\/uploads\/2011\/01\/Korb_mit_Scheibe-245x300.jpg\" alt=\"Korb mit Scheibe\" width=\"245\" height=\"300\" \/><\/a>Ziel beim Discgolf ist, einen Kurs von meist 18 Bahnen mit m\u00f6glichst wenigen W\u00fcrfen zu absolvieren. Von einer festgelegten Abwurfzone aus wirft der Spieler die Scheibe in Richtung eines Fangkorbs aus Metall. Der Spieler markiert die Stelle, wo die Scheibe gelandet ist, und spielt von dort aus weiter. Die Bahn ist zu Ende gespielt, wenn die Scheibe im Fangkorb versenkt wurde. Die L\u00e4nge der Bahnen betr\u00e4gt, je nach Parcours und Schwierigkeitsgrad, zwischen 40 und 250 Metern. Discgolf wird nach \u00e4hnlichen <a style=\"color: #000000;\" href=\"http:\/\/www.discgolf.de\/?page_id=144\">Regeln<\/a> wie Golf gespielt.<\/span><\/h5>\n<h5><span style=\"color: #000000;\">Discgolf ist ein Sport f\u00fcr jede Generation, vom Grundschulkind bis ins hohe Seniorenalter. Entspannte Bewegung in der freien Natur, Spielspa\u00df vom ersten Augenblick an und das soziale Miteinander machen den Sport\u00a0zu einem Spitzen-Erlebnis f\u00fcr Familien und Gruppen.<\/span><br \/>\n<span style=\"color: #000000;\"> Discgolf steht f\u00fcr Werte wie Fairness, Achtung und Respekt, h\u00f6flicher Umgang miteinander und gegenseitige Unterst\u00fctzung. Was die Anschaffungskosten betrifft, punktet Discgolf gegen\u00fcber anderen Sportarten. Eine Grundausstattung mit drei Scheiben ist bereits f\u00fcr 25 bis 30 Euro zu haben.<\/span><\/h5>\n<h5><span style=\"color: #000000;\">Da sich Discgolf-Kurse der Natur und dem Gel\u00e4nde anpassen und nahezu keine Eingriffe in die Landschaft n\u00f6tig sind, erf\u00fcllt die Sportart selbst h\u00f6chste Anspr\u00fcche an Landschaftsschutz und einen schonenden Umgang mit der Natur.<\/span><\/h5>\n<h5><span style=\"color: #000000;\"><a style=\"color: #000000;\" href=\"http:\/\/new.frisbeesportverband.de\/wp-content\/uploads\/2011\/01\/Junior_Putt.jpg\"><img loading=\"lazy\" class=\"alignright size-full wp-image-50\" src=\"http:\/\/new.frisbeesportverband.de\/wp-content\/uploads\/2011\/01\/Junior_Putt.jpg\" alt=\"Junior Putt\" width=\"300\" height=\"199\" \/><\/a><\/span><\/h5>\n<h5><span lang=\"DE\" style=\"color: #000000;\">Nach vorsichtigen Sch\u00e4tzungen spielen heute rund 3 000 Disc Golfer in Deutschland regelm\u00e4\u00dfig. Der Weltverband, die Professional Disc Golf Association (PDGA), sch\u00e4tzt die Zahl der aktiven Disc Golfer auf eine halbe Million. Zwischen acht und zw\u00f6lf Millionen Menschen, so die PDGA, haben schon einmal Disc Golf gespielt.<\/span><\/h5>\n<h5><span style=\"color: #000000;\">Es gibt in Deutschland eine stetig wachsende Zahl <a href=\"http:\/\/www.discgolf.de\/?page_id=10\" target=\"_blank\" rel=\"noopener\">fest installierte Kurse<\/a>. Weltweit gab es Ende 2019 mehr als 10.000 Disc Golf-Anlagen \u2013 davon fast 7500 allein in den USA. Disc Golf wird auch professionell gespielt. Auf der PDGA-Tour werden j\u00e4hrlich mehr als zwei Millionen Dollar Preisgeld ausgesch\u00fcttet. Die PDGA-Weltmeisterschaft in den USA ist mit rund 100 000 US-$ dotiert.<\/span><\/h5>\n<h5><span style=\"color: #000000;\">Sportliche H\u00f6hepunkte der Disc Golf-Saison sind die Deutsche Meisterschaft und die GermanTour. Die GermanTour ist eine Turnierserie, bei der die Punktbesten der verschiedenen Altersklassen (Open, Masters, Grandmasters, Senior Grandmasters, Legend, Junioren und Damen) ermittelt werden. Bei Turnieren der h\u00f6chsten Kategorie gibt es Preisgelder bis zu 3 000 Euro zu gewinnen.<\/span><\/h5>\n<p><a href=\"http:\/\/frisbeesport-bw.de\/wp-content\/uploads\/2015\/02\/Simon-Lizotte.jpg\"><img loading=\"lazy\" class=\"alignright size-medium wp-image-331\" src=\"http:\/\/frisbeesport-bw.de\/wp-content\/uploads\/2015\/02\/Simon-Lizotte-300x221.jpg\" alt=\"\" width=\"300\" height=\"221\" srcset=\"https:\/\/frisbeesport-bw.de\/wp-content\/uploads\/2015\/02\/Simon-Lizotte-300x221.jpg 300w, https:\/\/frisbeesport-bw.de\/wp-content\/uploads\/2015\/02\/Simon-Lizotte.jpg 575w\" sizes=\"(max-width: 300px) 100vw, 300px\" \/><\/a><\/p>\n<h5 style=\"text-align: left;\"><span style=\"color: #000000;\">Der derzeit erfolgreichste deutsche Spieler ist Simon Lizotte, der die GermanTour mehrfach gewann und bereits sechs mal Deutscher Disc Golf-Meister wurde (2009-2013,2015). Simon Lizotte ist zudem zweifacher Europameister (2013 und 2018) hielt und h\u00e4lt mehrere Rekorde (Weitwurf und Geschwindigkeit) und z\u00e4hlt zu den besten 10 Spielern der Welt.<\/span><\/h5>\n","protected":false},"excerpt":{"rendered":"<p>Ansprechpartner Discgolf: Matthias Lambur discgolf@frisbeesport-bw.de Discgolf ist eine junge Sportart, die in den 1970-er Jahren in den USA entwickelt wurde. 1979\/80 bildeten sich in Deutschland erste Discgolf-Gruppen. Ziel beim Discgolf ist, einen Kurs von meist 18 Bahnen mit m\u00f6glichst wenigen W\u00fcrfen zu absolvieren. Von einer festgelegten Abwurfzone aus wirft der Spieler die Scheibe in Richtung &hellip; <\/p>\n<p><a class=\"more-link btn\" href=\"https:\/\/frisbeesport-bw.de\/?page_id=45\">Weiterlesen<\/a><\/p>\n","protected":false},"author":1,"featured_media":0,"parent":0,"menu_order":0,"comment_status":"open","ping_status":"open","template":"","meta":[],"_links":{"self":[{"href":"https:\/\/frisbeesport-bw.de\/index.php?rest_route=\/wp\/v2\/pages\/45"}],"collection":[{"href":"https:\/\/frisbeesport-bw.de\/index.php?rest_route=\/wp\/v2\/pages"}],"about":[{"href":"https:\/\/frisbeesport-bw.de\/index.php?rest_route=\/wp\/v2\/types\/page"}],"author":[{"embeddable":true,"href":"https:\/\/frisbeesport-bw.de\/index.php?rest_route=\/wp\/v2\/users\/1"}],"replies":[{"embeddable":true,"href":"https:\/\/frisbeesport-bw.de\/index.php?rest_route=%2Fwp%2Fv2%2Fcomments&post=45"}],"version-history":[{"count":7,"href":"https:\/\/frisbeesport-bw.de\/index.php?rest_route=\/wp\/v2\/pages\/45\/revisions"}],"predecessor-version":[{"id":538,"href":"https:\/\/frisbeesport-bw.de\/index.php?rest_route=\/wp\/v2\/pages\/45\/revisions\/538"}],"wp:attachment":[{"href":"https:\/\/frisbeesport-bw.de\/index.php?rest_route=%2Fwp%2Fv2%2Fmedia&parent=45"}],"curies":[{"name":"wp","href":"https:\/\/api.w.org\/{rel}","templated":true}]}}