{"id":42,"date":"2015-02-20T20:06:57","date_gmt":"2015-02-20T19:06:57","guid":{"rendered":"http:\/\/frisbeesport-bw.de\/?page_id=42"},"modified":"2016-05-30T20:16:07","modified_gmt":"2016-05-30T18:16:07","slug":"ultimate","status":"publish","type":"page","link":"https:\/\/frisbeesport-bw.de\/?page_id=42","title":{"rendered":"Ultimate"},"content":{"rendered":"<header class=\"entry-header\">\n<h1 class=\"entry-title\">Was ist Ultimate Frisbee?<\/h1>\n<\/header>\n<div class=\"entry-content\">\n<p><a href=\"http:\/\/new.frisbeesportverband.de\/wp-content\/uploads\/2011\/01\/Ultimate-Spielfeld.gif\"><img loading=\"lazy\" class=\"alignright size-full wp-image-14\" src=\"http:\/\/new.frisbeesportverband.de\/wp-content\/uploads\/2011\/01\/Ultimate-Spielfeld.gif\" alt=\"Ultimate-Spielfeld\" width=\"453\" height=\"200\" \/><\/a>Ultimate ist ein Laufspiel, bei dem sich zwei Teams mit jeweils sieben Spielern gegen\u00fcberstehen. Gespielt wird in Deutschland in der Regel auf einem Feld von der L\u00e4nge und der halben Breite eines Fu\u00dfballfeldes. An den langen Enden des Spielfeldes befinden sich wie beim American Football zwei 15-20 Meter tiefe Endzonen. Ziel des Spieles ist es, durch Zupassen, ohne mit der Scheibe in der Hand zu laufen, sie in der gegnerischen Endzone zu fangen und damit einen Punkt zu erzielen.<\/p>\n<p><a href=\"http:\/\/new.frisbeesportverband.de\/wp-content\/uploads\/2011\/01\/Catch1.jpg\"><img loading=\"lazy\" class=\"alignleft size-medium wp-image-15\" src=\"http:\/\/new.frisbeesportverband.de\/wp-content\/uploads\/2011\/01\/Catch1-300x199.jpg\" alt=\"Catch1\" width=\"300\" height=\"199\" \/><\/a>Die Person in Scheibenbesitz hat zehn Sekunden Zeit weiterzuspielen, f\u00fcr sie ist dabei nur ein Sternschritt erlaubt. Alle anderen Spieler d\u00fcrfen sich frei bewegen. Landet ein Pass auf dem Boden, im Aus oder wird von der gegnerischen Mannschaft abgefangen, wechselt der Scheibenbesitz (\u201eTurnover\u201c), und das andere Team greift sofort an. Je nach Turnier wird auf 13, 15 oder 17 Punkte oder auf eine vorher bestimmte Zeit gespielt. Nach jedem Punkt d\u00fcrfen beliebig viele Spieler auswechseln.<\/p>\n<\/div>\n<p>&nbsp;<\/p>\n<p>&nbsp;<\/p>\n<div class=\"entry-content\">\n<p><strong>Der einzige selbstregulierte Teamsport der Welt<\/strong><\/p>\n<p><a href=\"http:\/\/new.frisbeesportverband.de\/wp-content\/uploads\/2011\/01\/EYUC2013_Check_FRA-ITA-Junior-Women.jpg\"><img loading=\"lazy\" class=\"alignright size-medium wp-image-4315\" src=\"http:\/\/new.frisbeesportverband.de\/wp-content\/uploads\/2011\/01\/EYUC2013_Check_FRA-ITA-Junior-Women-300x199.jpg\" alt=\"EYUC2013_Check_FRA-ITA-Junior-Women\" width=\"300\" height=\"199\" \/><\/a>Was Ultimate zu einem besonderen Sport macht, ist die Selbstverwaltung der Spieler. Prinzipiell ist es ein k\u00f6rperloser Sport, das hei\u00dft Tackling wie beim Football ist nicht erlaubt. Nat\u00fcrlich kommt es trotzdem gelegentlich zu Karambolagen oder Fouls. Ein Schiedsrichter wird jedoch nicht ben\u00f6tigt, da der gefoulte Spieler einfach selbst \u201cFoul\u201d ruft. Dabei wird der Spielfluss eingefroren (\u201eFreeze\u201c), alle Spieler m\u00fcssen stehen bleiben. Wenn der unmittelbar beteiligte Gegenspieler das Foul anerkennt, beh\u00e4lt der gefoulte Spieler die Scheibe, bestreitet sein Gegenspieler ein Foulspiel (\u201eContest\u201c), geht die Scheibe zum Werfer zur\u00fcck und das Spiel geht von dort weiter. In jedem Fall wird das \u201eFreeze\u201c durch einen \u201eCheck\u201c aufgehoben und die Scheibe damit wieder freigegeben.<\/p>\n<div class=\"ytp-html5-clipboard\"><\/div>\n<p>Auch, ob eine Scheibe im Aus gefangen wurde oder ob ein \u201eTravel\u201c wie beim Basketball stattfand, obliegt der Entscheidung der Spieler. Das f\u00f6rdert die Fairness und es funktioniert auf dem Prinzip der Gegenseitigkeit. Zudem macht sich kein Spieler beliebt, wenn er wegen einer Kleinigkeit \u201cFoul\u201d ruft oder jedes echte Foul contestet. Dieses faire Verhalten auf dem Feld spiegelt auch ein Zitat aus den Statuten des Weltverbandes wieder. Es gilt f\u00fcr alle Discsportarten:<\/p>\n<blockquote><p>\u201eDer Flugscheibensport hat seit seiner Entstehung stets auf den Sportsgeist des Einzelnen vertraut. Trotz des hohen k\u00e4mpferischen Einsatzes stehen der gegenseitige Respekt und die Freude am Spiel im Vordergrund. Es wird davon ausgegangen, dass kein Spieler die vorher vereinbarten Regeln absichtlich verletzt. Kontrolle oder Sanktionen sind daher unn\u00f6tig.\u201c<\/p><\/blockquote>\n<\/div>\n<p><a href=\"https:\/\/docs.google.com\/spreadsheets\/d\/1LNvtbvoLXjyDis2kTloHuhxIBGQRfwjaJ5sg3ArsD-c\/edit?pref=2&amp;pli=1#gid=59\" target=\"_blank\">Turnierkalender DFV 2016<\/a><\/p>\n<p>Zur Geschichte des Ultimate:<br \/>\n<iframe loading=\"lazy\" src=\"https:\/\/www.youtube.com\/embed\/3RtDtsLSVQI\" width=\"450\" height=\"300\" frameborder=\"0\" allowfullscreen=\"allowfullscreen\"><\/iframe><\/p>\n","protected":false},"excerpt":{"rendered":"<p>Was ist Ultimate Frisbee? Ultimate ist ein Laufspiel, bei dem sich zwei Teams mit jeweils sieben Spielern gegen\u00fcberstehen. Gespielt wird in Deutschland in der Regel auf einem Feld von der L\u00e4nge und der halben Breite eines Fu\u00dfballfeldes. An den langen Enden des Spielfeldes befinden sich wie beim American Football zwei 15-20 Meter tiefe Endzonen. Ziel &hellip; <\/p>\n<p><a class=\"more-link btn\" href=\"https:\/\/frisbeesport-bw.de\/?page_id=42\">Weiterlesen<\/a><\/p>\n","protected":false},"author":1,"featured_media":0,"parent":0,"menu_order":0,"comment_status":"open","ping_status":"open","template":"","meta":[],"_links":{"self":[{"href":"https:\/\/frisbeesport-bw.de\/index.php?rest_route=\/wp\/v2\/pages\/42"}],"collection":[{"href":"https:\/\/frisbeesport-bw.de\/index.php?rest_route=\/wp\/v2\/pages"}],"about":[{"href":"https:\/\/frisbeesport-bw.de\/index.php?rest_route=\/wp\/v2\/types\/page"}],"author":[{"embeddable":true,"href":"https:\/\/frisbeesport-bw.de\/index.php?rest_route=\/wp\/v2\/users\/1"}],"replies":[{"embeddable":true,"href":"https:\/\/frisbeesport-bw.de\/index.php?rest_route=%2Fwp%2Fv2%2Fcomments&post=42"}],"version-history":[{"count":8,"href":"https:\/\/frisbeesport-bw.de\/index.php?rest_route=\/wp\/v2\/pages\/42\/revisions"}],"predecessor-version":[{"id":228,"href":"https:\/\/frisbeesport-bw.de\/index.php?rest_route=\/wp\/v2\/pages\/42\/revisions\/228"}],"wp:attachment":[{"href":"https:\/\/frisbeesport-bw.de\/index.php?rest_route=%2Fwp%2Fv2%2Fmedia&parent=42"}],"curies":[{"name":"wp","href":"https:\/\/api.w.org\/{rel}","templated":true}]}}